{"id":13,"date":"2019-05-09T20:13:44","date_gmt":"2019-05-10T01:13:44","guid":{"rendered":"http:\/\/www.mapp-oea.org\/hechosdepaz\/?page_id=13"},"modified":"2024-08-06T14:07:46","modified_gmt":"2024-08-06T19:07:46","slug":"mapp-15-anos","status":"publish","type":"page","link":"https:\/\/www.mapp-oea.org\/hechosdepaz\/","title":{"rendered":"15 A\u00d1OS HECHOS  DE PAZ"},"content":{"rendered":"\n<h4 class=\"has-text-align-center wp-block-heading\">En el 2004 la MAPP\/OEA lleg\u00f3 a Colombia para apoyar el anhelo de paz. Dese entonces, como acompa\u00f1ante cercano de distintos procesos, ha sido testigo privilegiado de grandes avances y tambi\u00e9n de graves obst\u00e1culos que a\u00fan ponen en riesgo este prop\u00f3sito.<\/h4>\n\n\n\n<p><\/p>\n\n\n\n<p>Por m\u00e1s de medio siglo, Colombia ha sufrido los m\u00e1s duros embates del conflicto armado interno. A inicios del milenio, cuando millones de colombianas y colombianos sufr\u00edan graves violaciones a los derechos humanos, el pa\u00eds inici\u00f3 una nueva etapa en la b\u00fasqueda de la paz. En el 2002, el Gobierno nacional y grupos de autodefensa iniciaron un proceso de di\u00e1logo, condicionado a un cese unilateral de acciones violentas y alto al fuego, aceptado por las Autodefensas Unidas de Colombia (AUC).&nbsp;<\/p>\n\n\n\n<p class=\"has-text-align-center\"><em> &lt;&lt;Desliza a la derecha para conocer nuestro recorrido&gt;&gt; <\/em><\/p>\n\n\n\n<figure class=\"wp-block-image alignfull timeline\"><img loading=\"lazy\" decoding=\"async\" width=\"7124\" height=\"1652\" src=\"http:\/\/www.mapp-oea.org\/hechosdepaz\/wp-content\/uploads\/2019\/09\/Linea-de-tiempo-MAPP15.png\" alt=\"\" class=\"wp-image-249\"\/><\/figure>\n\n\n\n<p>Poco m\u00e1s de un a\u00f1o despu\u00e9s, cuando la opini\u00f3n p\u00fablica arreciaba las cr\u00edticas por la falta de verificaci\u00f3n del cese, y ante la solicitud del Estado colombiano, la Organizaci\u00f3n de los Estados Americanos (OEA) acept\u00f3 contribuir al proceso. En febrero del 2004, el Consejo Permanente de la Organizaci\u00f3n autoriz\u00f3 la creaci\u00f3n de una misi\u00f3n en Colombia, que se convirti\u00f3 en la primera experiencia de verificaci\u00f3n internacional de un cese de hostilidades en el pa\u00eds.&nbsp;<\/p>\n\n\n\n<p>Fue as\u00ed como se instal\u00f3 la Misi\u00f3n de Apoyo al Proceso de Paz (MAPP\/OEA), que a lo largo de esos tres lustros de trabajo ininterrumpido en Colombia ha apoyado, adem\u00e1s, procesos con diferentes guerrillas: el acompa\u00f1amiento a la desmovilizaci\u00f3n del Ej\u00e9rcito Revolucionario Guevarista (ERG), en el 2008; el monitoreo y acompa\u00f1amiento al Gobierno y comunidades colombianas en la implementaci\u00f3n de los Acuerdos de Paz alcanzados con las Fuerzas Armadas Revolucionarias de Colombia &#8211; Ej\u00e9rcito del Pueblo (FARC-EP), desde el 2016, y la Mesa de Di\u00e1logos entre el Gobierno y el Ej\u00e9rcito de Liberaci\u00f3n Nacional (ELN), en el 2017.&nbsp;<\/p>\n\n\n\n<p>Durante estos 15 a\u00f1os, la Misi\u00f3n ha puesto en pr\u00e1ctica en Colombia la experiencia acumulada de la OEA en el apoyo a la resoluci\u00f3n de conflictos y procesos de paz en Centro y Sudam\u00e9rica, al tiempo que ha desarrollado una identidad propia, a partir de la presencia permanente y la experiencia ganada con el trasegar de los territorios y en el contacto cercano con todos los actores involucrados en la construcci\u00f3n de paz, especialmente con las comunidades, las v\u00edctimas y las instituciones.&nbsp;<\/p>\n\n\n\n<figure class=\"wp-block-image alignfull\"><img loading=\"lazy\" decoding=\"async\" width=\"2554\" height=\"1280\" src=\"http:\/\/www.mapp-oea.org\/hechosdepaz\/wp-content\/uploads\/2019\/09\/Infografia-horizontal-MAPP15.png\" alt=\"\" class=\"wp-image-252\"\/><\/figure>\n\n\n\n<p>El conocimiento a profundidad de las din\u00e1micas y de los territorios ha caracterizado siempre a la MAPP\/OEA. Desde su llegada al pa\u00eds, la Misi\u00f3n ha estado directamente en las zonas rurales afectadas por el conflicto armado, la criminalidad y la inequidad, en donde entabla un di\u00e1logo constante con los actores sociales e institucionales, hombres y mujeres, como campesinos, maestros, alcaldes, personeros, autoridades judiciales, v\u00edctimas, comunidades ind\u00edgenas y afro, periodistas, l\u00edderes y lideresas sociales y fuerza p\u00fablica, entre otros.&nbsp;<\/p>\n\n\n\n<p>Con el monitoreo se recogen las percepciones y las valoraciones sobre el impacto de pol\u00edticas de paz, as\u00ed como sobre las condiciones y din\u00e1micas del territorio. De esta manera, la Misi\u00f3n realiza una radiograf\u00eda completa, objetiva e imparcial, en tiempo real, a la que suma an\u00e1lisis y recomendaciones dirigidas a los tomadores de decisiones.&nbsp;<\/p>\n\n\n\n<p>La MAPP\/OEA ha mantenido un bajo perfil en la dif\u00edcil tarea de monitorear y acompa\u00f1ar las pol\u00edticas e iniciativas de paz. Por eso, trabaja de forma discreta y proactiva en los \u00e1mbitos de su mandato, lo que le ha permitido convertirse tambi\u00e9n en un mecanismo de apoyo y confianza, en especial para las comunidades y las v\u00edctimas, que se sienten escuchadas y acompa\u00f1adas en los territorios. As\u00ed mismo, a largo de estos a\u00f1os la Misi\u00f3n ha apoyado a las organizaciones sociales, comunitarias, \u00e9tnicas, de mujeres y j\u00f3venes a fortalecer sus capacidades y empoderarse para participar en escenarios p\u00fablicos de construcci\u00f3n de paz y reivindicaci\u00f3n de derechos.&nbsp;<\/p>\n\n\n\n<p>En cuanto al Estado, la Misi\u00f3n ha venido instando y apoyando a las instituciones para que lleguen, de manera integral, articulada e informada, a los territorios afectados, donde su presencia ha sido d\u00e9bil o limitada exclusivamente a las fuerza p\u00fablica. Y es que desde su llegada a Colombia, la MAPP\/OEA ha impulsado y facilitado el acercamiento, la articulaci\u00f3n y el di\u00e1logo entre el Estado y las comunidades, contribuyendo as\u00ed a la generaci\u00f3n de sincron\u00edas para la paz.&nbsp;<\/p>\n\n\n\n<p>La MAPP\/OEA ha trabajado en diversas \u00e1reas y tem\u00e1ticas de la construcci\u00f3n de paz, como condiciones de seguridad y afectaciones a las comunidades; impactos de la implementaci\u00f3n de las pol\u00edticas de paz; Desarme, Desmovilizaci\u00f3n y Reintegraci\u00f3n (DDR); justicia transicional con enfoque de verdad, justicia, reparaci\u00f3n y garant\u00edas de no repetici\u00f3n; restituci\u00f3n de tierras y territorios; conflictividad social y di\u00e1logo social; participaci\u00f3n ciudadana, con \u00e9nfasis en el fortalecimiento a la participaci\u00f3n de mujeres y v\u00edctimas, entre otros. En estos asuntos, la Misi\u00f3n plantea avances, desaf\u00edos y amenazas para los procesos en los territorios.&nbsp;<\/p>\n\n\n\n<p>De manera consistente, la Misi\u00f3n ha lanzado alertas dirigidas a las instituciones, y en sus informes p\u00fablicos peri\u00f3dicos ha llamado la atenci\u00f3n de la opini\u00f3n en su conjunto sobre los principales riesgos que amenazan el proceso de paz y la seguridad de la poblaci\u00f3n civil. El asesinato de l\u00edderes y lideresas sociales, comunitarios, \u00e9tnicos y de v\u00edctimas, el asesinato de ex combatientes, el rearme de estructuras\u00a0posdesmovilizaci\u00f3n, la cooptaci\u00f3n y disputa de territorios por grupos armados ilegales y criminales, las graves consecuencias humanitarias para las poblaciones y las dificultades en la reparaci\u00f3n colectiva de v\u00edctimas, han sido algunas de estas alertas.\u00a0\u00a0<\/p>\n\n\n\n<p>La MAPP\/OEA tambi\u00e9n ha se\u00f1alado los notables avances para la paz. En concepto de la Misi\u00f3n, se han constatado cambios, no solo a ra\u00edz de acuerdos de paz con las AUC y las FARC-EP, sino en la&nbsp;visibilizaci\u00f3n&nbsp;y dignificaci\u00f3n de las v\u00edctimas del conflicto armado, la apertura de espacios pol\u00edticos a amplios sectores de la ciudadan\u00eda hist\u00f3ricamente marginalizados, el resurgimiento y la canalizaci\u00f3n de agendas sociales postergadas, y la construcci\u00f3n de una infraestructura jur\u00eddica y normativa para abordar procesos de justicia y reparaci\u00f3n.&nbsp;<\/p>\n\n\n\n<p>En este largo esfuerzo, la MAPP\/OEA ha sumado incontables aliados, como diferentes pa\u00edses que han manifestado su voluntad de apoyar a Colombia a trav\u00e9s de la Misi\u00f3n. Esto ha contribuido a construir y consolidar un modelo que le ha sido \u00fatil al pa\u00eds y que puede aportar a otros pa\u00edses del hemisferio.&nbsp;<\/p>\n\n\n\n<p>Los innegables avances que ha tenido Colombia son la base para seguir construyendo escenarios de paz. Acompa\u00f1ar al pueblo colombiano en este esfuerzo ha sido, es y seguir\u00e1 siendo el compromiso de la MAPP\/OEA.&nbsp;<\/p>\n","protected":false},"excerpt":{"rendered":"<p>En el 2004 la MAPP\/OEA lleg\u00f3 a Colombia para apoyar el anhelo de paz. Dese entonces, como acompa\u00f1ante cercano de distintos procesos, ha sido testigo privilegiado de grandes avances y tambi\u00e9n de graves obst\u00e1culos que a\u00fan ponen en riesgo este prop\u00f3sito. Por m\u00e1s de medio siglo, Colombia ha sufrido los m\u00e1s duros embates del conflicto [&hellip;]<\/p>\n","protected":false},"author":1,"featured_media":188,"parent":0,"menu_order":0,"comment_status":"closed","ping_status":"closed","template":"","meta":{"_acf_changed":false,"footnotes":""},"class_list":["post-13","page","type-page","status-publish","has-post-thumbnail","hentry","entry"],"acf":[],"_links":{"self":[{"href":"https:\/\/www.mapp-oea.org\/hechosdepaz\/wp-json\/wp\/v2\/pages\/13","targetHints":{"allow":["GET"]}}],"collection":[{"href":"https:\/\/www.mapp-oea.org\/hechosdepaz\/wp-json\/wp\/v2\/pages"}],"about":[{"href":"https:\/\/www.mapp-oea.org\/hechosdepaz\/wp-json\/wp\/v2\/types\/page"}],"author":[{"embeddable":true,"href":"https:\/\/www.mapp-oea.org\/hechosdepaz\/wp-json\/wp\/v2\/users\/1"}],"replies":[{"embeddable":true,"href":"https:\/\/www.mapp-oea.org\/hechosdepaz\/wp-json\/wp\/v2\/comments?post=13"}],"version-history":[{"count":16,"href":"https:\/\/www.mapp-oea.org\/hechosdepaz\/wp-json\/wp\/v2\/pages\/13\/revisions"}],"predecessor-version":[{"id":548,"href":"https:\/\/www.mapp-oea.org\/hechosdepaz\/wp-json\/wp\/v2\/pages\/13\/revisions\/548"}],"wp:featuredmedia":[{"embeddable":true,"href":"https:\/\/www.mapp-oea.org\/hechosdepaz\/wp-json\/wp\/v2\/media\/188"}],"wp:attachment":[{"href":"https:\/\/www.mapp-oea.org\/hechosdepaz\/wp-json\/wp\/v2\/media?parent=13"}],"curies":[{"name":"wp","href":"https:\/\/api.w.org\/{rel}","templated":true}]}}