{"id":461,"date":"2019-10-17T18:12:56","date_gmt":"2019-10-17T23:12:56","guid":{"rendered":"http:\/\/www.mapp-oea.org\/hechosdepaz\/?page_id=461"},"modified":"2024-08-06T14:13:57","modified_gmt":"2024-08-06T19:13:57","slug":"mas-paises-mas-paz-un-aporte-fundamental-de-aliados-internacionales","status":"publish","type":"page","link":"https:\/\/www.mapp-oea.org\/hechosdepaz\/mas-paises-mas-paz-un-aporte-fundamental-de-aliados-internacionales\/","title":{"rendered":"M\u00e1s Pa\u00edses, M\u00e1s Paz: Un aporte de aliados internacionales"},"content":{"rendered":"\n<p class=\"has-drop-cap\"><strong>El Fondo Canasta Multilateral, creado en 2012, es una herramienta clave para fortalecer los procesos de gesti\u00f3n de la Misi\u00f3n y para hacer real su presencia en los lugares m\u00e1s impactados por el conflicto armado. <\/strong><\/p>\n\n\n\n<p class=\"has-text-color has-dark-gray-color\">Como parte de su apoyo\na los esfuerzos de paz, la comunidad internacional se ha dado a la tarea de\nconocer y comprender las complejas din\u00e1micas del conflicto armado en lo m\u00e1s\nprofundo de Colombia. Distintos pa\u00edses han encontrado en la Misi\u00f3n de Apoyo al\nProceso de Paz (MAPP\/OEA) el aliado estrat\u00e9gico para lograrlo, gracias a su\npresencia, experiencia y confianza ganada en los territorios desde el 2004. <\/p>\n\n\n\n<p class=\"has-text-color has-dark-gray-color\">Se trata de una fuerte\nalianza bilateral. Durante sus 15 a\u00f1os de permanencia en Colombia, la MAPP\/OEA\nha contado con el respaldo pol\u00edtico, financiero y de recursos humanos de un\nnumeroso grupo de pa\u00edses, que con su&nbsp;\napoyo han permitido a la Misi\u00f3n incrementar su despliegue territorial,\nllegando cada vez a m\u00e1s zonas rurales y con mayores capacidades t\u00e9cnicas para\nabordar los desaf\u00edos que implica el acompa\u00f1amiento a la construcci\u00f3n de paz,\ndesde el propio coraz\u00f3n del conflicto.<\/p>\n\n\n\n<p class=\"has-text-color has-dark-gray-color\">De esos lugares\nremotos, donde la MAPP\/OEA realiza misiones regulares de monitoreo y\nacompa\u00f1amiento, sus aliados obtienen percepciones, diagn\u00f3sticos detallados y\nrecomendaciones que les permiten tener una mirada m\u00e1s clara, amplia e informada\nsobre los impactos reales de la violencia, as\u00ed como de los avances y desaf\u00edos\nque supone la paz.<\/p>\n\n\n\n<p class=\"has-text-color has-dark-gray-color\">Adem\u00e1s, en di\u00e1logos que acercan y fortalecen de manera significativa a la cooperaci\u00f3n, los representantes de diferentes gobiernos tienen la oportunidad de interactuar directamente con los actores relevantes en los territorios, incluyendo&nbsp; v\u00edctimas del conflicto, l\u00edderes y lideresas sociales, poblaci\u00f3n civil, Fuerza P\u00fablica,&nbsp; autoridades locales y \u00e9tnicas.<\/p>\n\n\n\n<figure class=\"wp-block-image alignfull\"><img loading=\"lazy\" decoding=\"async\" width=\"1024\" height=\"341\" src=\"http:\/\/www.mapp-oea.org\/hechosdepaz\/wp-content\/uploads\/2019\/10\/12.09.18-Reunio\u0301n-Directivas-JAC-Inspecciones-Zabaleta-Yurayaco-y-Puerto-Bello-Inspeccio\u0301n-Zavaleta-San-Jose\u0301-del-Fragua-040-1024x341.png\" alt=\"\" class=\"wp-image-499\"\/><\/figure>\n\n\n\n<div class=\"wp-block-image\"><figure class=\"alignright\"><img loading=\"lazy\" decoding=\"async\" width=\"300\" height=\"274\" src=\"http:\/\/www.mapp-oea.org\/hechosdepaz\/wp-content\/uploads\/2019\/10\/Logo-Ma\u0301s-Pai\u0301ses-Ma\u0301s-Paz-e1571354213519.png\" alt=\"\" class=\"wp-image-466\"\/><\/figure><\/div>\n\n\n\n<p class=\"has-large-font-size\"><strong>Fondo Canasta MAPP\/OEA: afianzando nuevos escenarios de cooperaci\u00f3n y apoyo<\/strong><\/p>\n\n\n\n<p class=\"has-text-color has-dark-gray-color\">Inspirados en la\nDeclaraci\u00f3n de Paris, en 2012 la Secretar\u00eda General de la OEA y sus principales\ndonantes decidieron mejorar los mecanismos de coordinaci\u00f3n y orientaci\u00f3n de los\necursos suministrados por la comunidad internacional para financiar el trabajo\nde la Misi\u00f3n. En consecuencia, la MAPP\/OEA y varios de sus aliados estrat\u00e9gicos\ncrearon el Fondo Canasta Multilateral, una herramienta que ha permitido\nfortalecer los procesos de gesti\u00f3n, potenciar resultados y afianzar el\nrelacionamiento con la Misi\u00f3n. <\/p>\n\n\n\n<p class=\"has-text-color has-dark-gray-color\">El Fondo Canasta est\u00e1 integrado por\nAlemania, Canad\u00e1, Espa\u00f1a, Estados Unidos, Italia, Pa\u00edses Bajos, Reino Unido y\nSuecia, pa\u00edses que financian cerca del 90 por ciento del trabajo de la\nMAPP\/OEA.<\/p>\n\n\n\n<p class=\"has-text-color has-dark-gray-color\">La creaci\u00f3n del Fondo\nCanasta ha permitido a la Misi\u00f3n desarrollar su Mandato, adapt\u00e1ndose a las\nnecesidades del pueblo y del Estado colombiano, en su anhelo de paz. Asimismo,\neste apoyo ha constituido una muestra de reconocimiento y confianza de la comunidad\ninternacional hacia la MAPP\/OEA como un canal eficaz, aut\u00f3nomo, independiente y\ncercano para apoyar la construcci\u00f3n de paz.&nbsp;\n<\/p>\n\n\n\n<figure class=\"wp-block-image alignfull\"><img loading=\"lazy\" decoding=\"async\" width=\"1024\" height=\"341\" src=\"http:\/\/www.mapp-oea.org\/hechosdepaz\/wp-content\/uploads\/2019\/10\/12.09.18-Reunio\u0301n-Directivas-JAC-Inspecciones-Zabaleta-Yurayaco-y-Puerto-Bello-Inspeccio\u0301n-Zavaleta-San-Jose\u0301-del-Fragua-002-1024x341.png\" alt=\"\" class=\"wp-image-497\"\/><\/figure>\n\n\n\n<p class=\"has-text-color has-dark-gray-color\">Tambi\u00e9n, ha contribuido\nal fortalecimiento de los sistemas de informaci\u00f3n de la Misi\u00f3n, permiti\u00e9ndole\nmejorar los niveles de incidencia, brindando alertas, an\u00e1lisis y\nrecomendaciones de manera \u00e1gil y oportuna a los tomadores de decisiones. <\/p>\n\n\n\n<p class=\"has-text-color has-dark-gray-color\">Paralelamente, a nivel\ninterno se ha reforzado la transparencia en la ejecuci\u00f3n de recursos mediante\nsistemas de gesti\u00f3n, planificaci\u00f3n y herramientas de control.<\/p>\n\n\n\n<p class=\"has-text-color has-dark-gray-color\">Tras estos a\u00f1os de cooperaci\u00f3n, los socios\nde la MAPP\/OEA tambi\u00e9n han resaltado sus contribuciones en el monitoreo y\nacompa\u00f1amiento a los mecanismos de justicia transicional, como la Ley&nbsp; de Justicia y Paz, la Ley de V\u00edctimas y Restituci\u00f3n\nde Tierras, as\u00ed como el Sistema de Verdad, Justicia, Reparaci\u00f3n y Garant\u00edas de\nNo Repetici\u00f3n. Adem\u00e1s, el enfoque de g\u00e9nero que la Misi\u00f3n implementa en todas\nsus acciones coincide con los objetivos sociales y pol\u00edticos que estos\ngobiernos enaltecen.<\/p>\n\n\n\n<p class=\"has-large-font-size\"><strong>Los pa\u00edses contribuyen con su recurso m\u00e1s\npreciado: su gente<\/strong><\/p>\n\n\n\n<p class=\"has-text-color has-dark-gray-color\">A trav\u00e9s de la\nmodalidad de <em>secondment<\/em>, varios gobiernos han apoyado a la Misi\u00f3n con\ntalento humano, comisionando profesionales de su nacionalidad para que\ndesempe\u00f1en funciones durante un tiempo determinado. Este intercambio ha\nconstituido una experiencia enriquecedora que reafirma que la soluci\u00f3n del\nconflicto armado en Colombia requiere el compromiso de la regi\u00f3n y del mundo. <\/p>\n\n\n\n<p class=\"has-text-color has-dark-gray-color\">A lo largo de este\ncamino, la MAPP\/OEA ha recibido aportes provenientes de Alemania, Argentina,\nBahamas, Canad\u00e1, Chile, Corea, Espa\u00f1a, Estados Unidos, Italia, Francia,\nIrlanda, M\u00e9xico, Noruega, Pa\u00edses Bajos, Suecia, Suiza, el Reino de Tailandia,\nTurqu\u00eda, Reino Unido, la Uni\u00f3n Europea y Colombia. <\/p>\n\n\n\n<p class=\"has-text-color has-dark-gray-color\">Los pa\u00edses que apoyan a la MAPP\/OEA reafirman su voluntad de seguir ayudando a los colombianos y las colombianas en esta etapa decisiva para el pa\u00eds. <\/p>\n\n\n\n<figure class=\"wp-block-image alignfull\"><img loading=\"lazy\" decoding=\"async\" width=\"1024\" height=\"341\" src=\"http:\/\/www.mapp-oea.org\/hechosdepaz\/wp-content\/uploads\/2019\/10\/12.09.18-Reunio\u0301n-Directivas-JAC-Inspecciones-Zabaleta-Yurayaco-y-Puerto-Bello-Inspeccio\u0301n-Zavaleta-San-Jose\u0301-del-Fragua-011-1024x341.png\" alt=\"\" class=\"wp-image-498\"\/><\/figure>\n","protected":false},"excerpt":{"rendered":"<p>El Fondo Canasta Multilateral, creado en 2012, es una herramienta clave para fortalecer los procesos de gesti\u00f3n de la Misi\u00f3n y para hacer real su presencia en los lugares m\u00e1s impactados por el conflicto armado. Como parte de su apoyo a los esfuerzos de paz, la comunidad internacional se ha dado a la tarea de [&hellip;]<\/p>\n","protected":false},"author":2,"featured_media":476,"parent":0,"menu_order":0,"comment_status":"closed","ping_status":"closed","template":"","meta":{"_acf_changed":false,"footnotes":""},"class_list":["post-461","page","type-page","status-publish","has-post-thumbnail","hentry","entry"],"acf":[],"_links":{"self":[{"href":"https:\/\/www.mapp-oea.org\/hechosdepaz\/wp-json\/wp\/v2\/pages\/461","targetHints":{"allow":["GET"]}}],"collection":[{"href":"https:\/\/www.mapp-oea.org\/hechosdepaz\/wp-json\/wp\/v2\/pages"}],"about":[{"href":"https:\/\/www.mapp-oea.org\/hechosdepaz\/wp-json\/wp\/v2\/types\/page"}],"author":[{"embeddable":true,"href":"https:\/\/www.mapp-oea.org\/hechosdepaz\/wp-json\/wp\/v2\/users\/2"}],"replies":[{"embeddable":true,"href":"https:\/\/www.mapp-oea.org\/hechosdepaz\/wp-json\/wp\/v2\/comments?post=461"}],"version-history":[{"count":19,"href":"https:\/\/www.mapp-oea.org\/hechosdepaz\/wp-json\/wp\/v2\/pages\/461\/revisions"}],"predecessor-version":[{"id":549,"href":"https:\/\/www.mapp-oea.org\/hechosdepaz\/wp-json\/wp\/v2\/pages\/461\/revisions\/549"}],"wp:featuredmedia":[{"embeddable":true,"href":"https:\/\/www.mapp-oea.org\/hechosdepaz\/wp-json\/wp\/v2\/media\/476"}],"wp:attachment":[{"href":"https:\/\/www.mapp-oea.org\/hechosdepaz\/wp-json\/wp\/v2\/media?parent=461"}],"curies":[{"name":"wp","href":"https:\/\/api.w.org\/{rel}","templated":true}]}}